{"id":359,"date":"2020-03-11T13:34:08","date_gmt":"2020-03-11T12:34:08","guid":{"rendered":"http:\/\/elrengleconsultors.com\/?page_id=359"},"modified":"2020-03-24T18:28:25","modified_gmt":"2020-03-24T17:28:25","slug":"politica-de-privacitat","status":"publish","type":"page","link":"https:\/\/elrengleconsultors.com\/ca\/politica-de-privacitat\/","title":{"rendered":"Pol\u00edtica de privacitat"},"content":{"rendered":"\n<h2 class=\"wp-block-heading\"><strong>1. INFORMACI\u00d3 A L&#8217;USUARI<\/strong><\/h2>\n\n\n\n<p><strong>EL\nRENGLE CONSULTORS, S.L.U.<\/strong>, des d&#8217;ara RESPONSABLE, \u00e9s el Responsable\ndel Tractament de les dades personals de l&#8217;Usuari i l&#8217;informa que aquestes\ndades seran tractades de conformitat amb el que disposa el Reglament (UE)\n2016\/679 de 27 d&#8217;abril de 2016 (GDPR) i la Llei Org\u00e0nica 3\/2018, de 5 de\ndesembre (LOPDGDD), pel que se li facilita la seg\u00fcent informaci\u00f3 del\ntractament:<br>\n<br>\n<strong>Fi del tractament<\/strong>:\nmantenir una relaci\u00f3 comercial amb l&#8217;Usuari. Les operacions previstes per\nrealitzar el tractament s\u00f3n:<\/p>\n\n\n\n<ul><li>Remissi\u00f3 de comunicacions comercials publicit\u00e0ries per email, fax, SMS, MMS, comunitats socials o qualsevol altre mitj\u00e0 electr\u00f2nic o f\u00edsic, present o futur, que possibiliti realitzar comunicacions comercials. Aquestes comunicacions seran realitzades pel RESPONSABLE i relacionades sobre els seus productes i serveis, o dels seus col\u00b7laboradors o prove\u00efdors amb els que aquest hagi arribat a algun acord de promoci\u00f3. En aquest cas, els tercers mai tindran acc\u00e9s a les dades personals.<\/li><li>Realitzar estudis estad\u00edstics.<\/li><li>Tramitar enc\u00e0rrecs de peticions o qualsevol tipus de petici\u00f3 que sigui realitzada per l&#8217;usuari a trav\u00e9s de qualsevol de les formes de contacte que es posen a la seva disposici\u00f3.<\/li><li>Remetre el butllet\u00ed de not\u00edcies de la p\u00e0gina web.<\/li><\/ul>\n\n\n\n<p><strong>Base jur\u00eddica del tractament<\/strong>: consentiment de l&#8217;interessat.<br> <br> <strong>Criteris de conservaci\u00f3 de les dades<\/strong>: es conservaran durant no m\u00e9s temps del necessari per mantenir la fi del tractament i quan ja no sigui necessari per a tal fi, es suprimiran amb mesures de seguretat adequades per garantir la pseudonimitzaci\u00f3 de les dades o la destrucci\u00f3 total de les mateixes.<br> <br> <strong>Comunicaci\u00f3 de les dades<\/strong>: No es comunicaran les dades a tercers, excepte per obligaci\u00f3 legal.<br> <br> <strong>Drets que assisteixen l&#8217;Usuari<\/strong>:<br> <br> &#8211; Dret a retirar el consentiment en qualsevol moment.<br> &#8211; Dret d&#8217;acc\u00e9s, rectificaci\u00f3, portabilitat i supressi\u00f3 de les seves dades i de la limitaci\u00f3 o oposici\u00f3 al seu tractament.<br> &#8211; Dret a presentar una reclamaci\u00f3 davant l&#8217;Autoritat de Control (www.aepd.es) si considera que el tractament no s&#8217;ajusta a la normativa vigent.<br> <br> <strong>Dades de contacte per exercir els seus drets<\/strong>:<br> <br> EL RENGLE CONSULTORS, S.L.U.. PASSATGE ADOLF COMERON, 18 3 5-6 &#8211; 08302 MATAR\u00d3 (Barcelona). Email: info@elrengleconsultors.com<\/p>\n\n\n\n<h2 class=\"wp-block-heading\"><strong>2. CAR\u00c0CTER OBLIGATORI O FACULTATIU DE LA INFORMACI\u00d3 FACILITADA PER L&#8217;USUARI<\/strong><\/h2>\n\n\n\n<p>Els Usuaris, mitjan\u00e7ant la marcaci\u00f3 de les caselles corresponents i entrada de dades en els camps, marcats amb un asterisc (*) en el formulari de contacte o presentats en formularis de desc\u00e0rrega, accepten expressament i de forma lliure i inequ\u00edvoca, que les seves dades s\u00f3n necess\u00e0ries per atendre la seva petici\u00f3, per part del prestador, sent volunt\u00e0ria la inclusi\u00f3 de dades en els camps restants. L&#8217;Usuari garanteix que les dades personals facilitades al RESPONSABLE s\u00f3n veraces i es fa responsable de comunicar qualsevol modificaci\u00f3 de les mateixes.<br> <br> El RESPONSABLE informa i garanteix expressament als usuaris que les seves dades personals no seran cedides en cap cas a tercers, i que sempre que realitz\u00e9s algun tipus de cessi\u00f3 de dades personals, es demanar\u00e0 pr\u00e8viament el consentiment expr\u00e9s, informat i inequ\u00edvoc per part dels Usuaris. Totes les dades sol\u00b7licitades a trav\u00e9s del lloc web s\u00f3n obligatoris, ja que s\u00f3n necessaris per a la prestaci\u00f3 d&#8217;un servei \u00f2ptim a l&#8217;usuari. En cas que no siguin facilitades totes les dades, no es garanteix que la informaci\u00f3 i serveis facilitats siguin completament ajustats a les seves necessitats.<\/p>\n\n\n\n<h2 class=\"wp-block-heading\"><strong>3. MESURES DE SEGURETAT<\/strong><\/h2>\n\n\n\n<p>Que de conformitat amb el que disposen les normatives vigents en protecci\u00f3 de dades personals, el RESPONSABLE est\u00e0 complint amb totes les disposicions de les normatives GDPR per al tractament de les dades personals de la seva responsabilitat, i manifestament amb els principis descrits a l&#8217;article 5 de l&#8217;GDPR, pels qual s\u00f3n tractats de manera l\u00edcita, lleial i transparent en relaci\u00f3 amb l&#8217;interessat i adequades, pertinents i limitats al que necessari en relaci\u00f3 amb els fins per als quals s\u00f3n tractats.<br> <br> El RESPONSABLE garanteix que ha implementat pol\u00edtiques t\u00e8cniques i organitzatives apropiades per aplicar les mesures de seguretat que estableixen l&#8217;GDPR per tal de protegir els drets i llibertats dels Usuaris i els ha comunicat la informaci\u00f3 adequada perqu\u00e8 puguin exercir-los.<\/p>\n","protected":false},"excerpt":{"rendered":"<p>1. INFORMACI\u00d3 A L&#8217;USUARI EL RENGLE CONSULTORS, S.L.U., des d&#8217;ara RESPONSABLE, \u00e9s el Responsable del Tractament de les dades personals de l&#8217;Usuari i l&#8217;informa que aquestes dades seran tractades de conformitat amb el que disposa el Reglament (UE) 2016\/679 de 27 d&#8217;abril de 2016 (GDPR) i la Llei Org\u00e0nica 3\/2018, de 5 de desembre (LOPDGDD), [&hellip;]<\/p>\n","protected":false},"author":1,"featured_media":0,"parent":0,"menu_order":0,"comment_status":"closed","ping_status":"open","template":"","meta":{"inline_featured_image":false,"footnotes":""},"_links":{"self":[{"href":"https:\/\/elrengleconsultors.com\/ca\/wp-json\/wp\/v2\/pages\/359"}],"collection":[{"href":"https:\/\/elrengleconsultors.com\/ca\/wp-json\/wp\/v2\/pages"}],"about":[{"href":"https:\/\/elrengleconsultors.com\/ca\/wp-json\/wp\/v2\/types\/page"}],"author":[{"embeddable":true,"href":"https:\/\/elrengleconsultors.com\/ca\/wp-json\/wp\/v2\/users\/1"}],"replies":[{"embeddable":true,"href":"https:\/\/elrengleconsultors.com\/ca\/wp-json\/wp\/v2\/comments?post=359"}],"version-history":[{"count":2,"href":"https:\/\/elrengleconsultors.com\/ca\/wp-json\/wp\/v2\/pages\/359\/revisions"}],"predecessor-version":[{"id":443,"href":"https:\/\/elrengleconsultors.com\/ca\/wp-json\/wp\/v2\/pages\/359\/revisions\/443"}],"wp:attachment":[{"href":"https:\/\/elrengleconsultors.com\/ca\/wp-json\/wp\/v2\/media?parent=359"}],"curies":[{"name":"wp","href":"https:\/\/api.w.org\/{rel}","templated":true}]}}