{"id":374,"date":"2020-03-11T16:15:58","date_gmt":"2020-03-11T15:15:58","guid":{"rendered":"http:\/\/elrengleconsultors.com\/?page_id=374"},"modified":"2020-03-24T18:27:12","modified_gmt":"2020-03-24T17:27:12","slug":"aplicacions","status":"publish","type":"page","link":"https:\/\/elrengleconsultors.com\/ca\/aplicacions\/","title":{"rendered":"Aplicacions"},"content":{"rendered":"\n<div class=\"wp-block-columns are-vertically-aligned-center fila1 is-layout-flex wp-container-core-columns-is-layout-1 wp-block-columns-is-layout-flex\">\n<div class=\"wp-block-column is-vertically-aligned-center is-layout-flow wp-block-column-is-layout-flow\" style=\"flex-basis:40%\">\n<p class=\"has-medium-font-size background-block\">La gesti\u00f3 de la teva empresa en nom\u00e9s un clic                   <\/p>\n\n\n\n<div style=\"height:30px\" aria-hidden=\"true\" class=\"wp-block-spacer\"><\/div>\n<\/div>\n\n\n\n<div class=\"wp-block-column is-vertically-aligned-center is-layout-flow wp-block-column-is-layout-flow\" style=\"flex-basis:60%\">\n<p><strong>A trav\u00e9s  del portal de l&#8217;empleat <\/strong>s&#8217;estableix un sistema online i actualitzat per a  la <strong>consulta i gesti\u00f3<\/strong> d&#8217;aspectes relacionats amb els treballadors\/es de  la teva empresa.                   <\/p>\n<\/div>\n<\/div>\n\n\n\n<div style=\"height:20px\" aria-hidden=\"true\" class=\"wp-block-spacer\"><\/div>\n\n\n\n<div class=\"wp-block-columns is-layout-flex wp-container-core-columns-is-layout-2 wp-block-columns-is-layout-flex\">\n<div class=\"wp-block-column is-layout-flow wp-block-column-is-layout-flow\">\n<div class=\"wp-block-image\"><figure class=\"alignleft size-medium is-resized\"><img decoding=\"async\" src=\"http:\/\/elrengleconsultors.com\/wp-content\/uploads\/2019\/12\/a3doccloud-logo-300x64.jpg\" alt=\"\" class=\"wp-image-253\" width=\"200\" srcset=\"https:\/\/elrengleconsultors.com\/wp-content\/uploads\/2019\/12\/a3doccloud-logo-300x64.jpg 300w, https:\/\/elrengleconsultors.com\/wp-content\/uploads\/2019\/12\/a3doccloud-logo.jpg 377w\" sizes=\"(max-width: 300px) 100vw, 300px\" \/><\/figure><\/div>\n\n\n\n<p style=\"color:#00bed6\" class=\"has-text-color has-text-align-left has-medium-font-size flex-grow-1\">                     Gesti\u00f3 documental col\u00b7laborativa<\/p>\n\n\n\n<div class=\"wp-block-button alignleft content-button\"><a class=\"wp-block-button__link has-background no-border-radius\" href=\"https:\/\/elrengleconsultors.com\/ca\/gestio-documental-col%c2%b7laborativa\/\" style=\"background-color:#00bed6\">M\u00e9s informaci\u00f3<\/a><\/div>\n\n\n\n<div style=\"height:70px\" aria-hidden=\"true\" class=\"wp-block-spacer\"><\/div>\n<\/div>\n\n\n\n<div class=\"wp-block-column is-layout-flow wp-block-column-is-layout-flow\">\n<div class=\"wp-block-image\"><figure class=\"alignleft size-medium is-resized\"><img decoding=\"async\" src=\"http:\/\/elrengleconsultors.com\/wp-content\/uploads\/2019\/12\/a3-factura-logo-300x64.jpg\" alt=\"\" class=\"wp-image-258\" width=\"200\" srcset=\"https:\/\/elrengleconsultors.com\/wp-content\/uploads\/2019\/12\/a3-factura-logo-300x64.jpg 300w, https:\/\/elrengleconsultors.com\/wp-content\/uploads\/2019\/12\/a3-factura-logo.jpg 377w\" sizes=\"(max-width: 300px) 100vw, 300px\" \/><\/figure><\/div>\n\n\n\n<p style=\"color:#00bed6\" class=\"has-text-color has-text-align-left has-medium-font-size flex-grow-1\">                     Facturaci\u00f3 online per a Pimes i Aut\u00f2noms<\/p>\n\n\n\n<div class=\"wp-block-button alignleft content-button\"><a class=\"wp-block-button__link has-background no-border-radius\" href=\"https:\/\/elrengleconsultors.com\/ca\/facturacio-online-per-a-pimes-i-autonoms\/\" style=\"background-color:#00bed6\">M\u00e9s informaci\u00f3<\/a><\/div>\n\n\n\n<div style=\"height:70px\" aria-hidden=\"true\" class=\"wp-block-spacer\"><\/div>\n<\/div>\n\n\n\n<div class=\"wp-block-column is-layout-flow wp-block-column-is-layout-flow\">\n<div class=\"wp-block-image\"><figure class=\"alignleft size-medium is-resized\"><img decoding=\"async\" src=\"http:\/\/elrengleconsultors.com\/wp-content\/uploads\/2019\/12\/a3hrgo-logo-300x64.jpg\" alt=\"\" class=\"wp-image-251\" width=\"200\" srcset=\"https:\/\/elrengleconsultors.com\/wp-content\/uploads\/2019\/12\/a3hrgo-logo-300x64.jpg 300w, https:\/\/elrengleconsultors.com\/wp-content\/uploads\/2019\/12\/a3hrgo-logo.jpg 377w\" sizes=\"(max-width: 300px) 100vw, 300px\" \/><\/figure><\/div>\n\n\n\n<p style=\"color:#00bed6\" class=\"has-text-color has-text-align-left has-medium-font-size flex-grow-1\">                     Portal de l&#8217;empleat<\/p>\n\n\n\n<div class=\"wp-block-button alignleft content-button\"><a class=\"wp-block-button__link has-background no-border-radius\" href=\"https:\/\/elrengleconsultors.com\/ca\/portal-de-lempleat\/\" style=\"background-color:#00bed6\">M\u00e9s informaci\u00f3<\/a><\/div>\n\n\n\n<div style=\"height:70px\" aria-hidden=\"true\" class=\"wp-block-spacer\"><\/div>\n<\/div>\n<\/div>\n\n\n\n<div class=\"wp-block-columns is-layout-flex wp-container-core-columns-is-layout-3 wp-block-columns-is-layout-flex\">\n<div class=\"wp-block-column is-layout-flow wp-block-column-is-layout-flow\">\n<div class=\"wp-block-image\"><figure class=\"alignleft size-medium is-resized\"><img decoding=\"async\" src=\"http:\/\/elrengleconsultors.com\/wp-content\/uploads\/2019\/12\/a3ERP-logo-300x64.jpg\" alt=\"\" class=\"wp-image-254\" width=\"200\" srcset=\"https:\/\/elrengleconsultors.com\/wp-content\/uploads\/2019\/12\/a3ERP-logo-300x64.jpg 300w, https:\/\/elrengleconsultors.com\/wp-content\/uploads\/2019\/12\/a3ERP-logo.jpg 377w\" sizes=\"(max-width: 300px) 100vw, 300px\" \/><\/figure><\/div>\n\n\n\n<p style=\"color:#00bed6\" class=\"has-text-color has-text-align-left has-medium-font-size flex-grow-1\">                     Gesti\u00f3 integral a la mida del teu negoci<\/p>\n\n\n\n<div class=\"wp-block-button alignleft content-button\"><a class=\"wp-block-button__link has-background no-border-radius\" href=\"https:\/\/elrengleconsultors.com\/ca\/gestio-integral-a-la-mesura-del-teu-negoci\/\" style=\"background-color:#00bed6\">M\u00e9s informaci\u00f3<\/a><\/div>\n\n\n\n<div style=\"height:70px\" aria-hidden=\"true\" class=\"wp-block-spacer\"><\/div>\n<\/div>\n\n\n\n<div class=\"wp-block-column is-layout-flow wp-block-column-is-layout-flow\">\n<div class=\"wp-block-image\"><figure class=\"alignleft size-medium is-resized\"><img decoding=\"async\" src=\"http:\/\/elrengleconsultors.com\/wp-content\/uploads\/2020\/01\/a3innuva-logo-300x64.jpg\" alt=\"\" class=\"wp-image-334\" width=\"200\" srcset=\"https:\/\/elrengleconsultors.com\/wp-content\/uploads\/2020\/01\/a3innuva-logo-300x64.jpg 300w, https:\/\/elrengleconsultors.com\/wp-content\/uploads\/2020\/01\/a3innuva-logo.jpg 377w\" sizes=\"(max-width: 300px) 100vw, 300px\" \/><\/figure><\/div>\n\n\n\n<p style=\"color:#00bed6\" class=\"has-text-color has-text-align-left has-medium-font-size flex-grow-1\">                     La generaci\u00f3 online de software de gesti\u00f3<\/p>\n\n\n\n<div class=\"wp-block-button alignleft content-button\"><a class=\"wp-block-button__link has-background no-border-radius\" href=\"https:\/\/elrengleconsultors.com\/ca\/la-generacio-online-de-programari-de-gestio\/\" style=\"background-color:#00bed6\">M\u00e9s informaci\u00f3<\/a><\/div>\n\n\n\n<div style=\"height:70px\" aria-hidden=\"true\" class=\"wp-block-spacer\"><\/div>\n<\/div>\n\n\n\n<div class=\"wp-block-column is-layout-flow wp-block-column-is-layout-flow\">\n<p class=\"has-text-align-left\">Amb la garantia de:<\/p>\n\n\n\n<div class=\"wp-block-image\"><figure class=\"alignleft size-full is-resized\"><img decoding=\"async\" src=\"http:\/\/elrengleconsultors.com\/wp-content\/uploads\/2019\/11\/wolters-kluwer.png\" alt=\"\" class=\"wp-image-108\" width=\"199\"\/><\/figure><\/div>\n<\/div>\n<\/div>\n\n\n\n<div style=\"height:68px\" aria-hidden=\"true\" class=\"wp-block-spacer\"><\/div>\n\n\n\n<p class=\"has-text-align-center has-medium-font-size\">Informa&#8217;t dels avantatges que tindr\u00e0s treballant amb nosaltres.<br><strong> Truca&#8217;ns al  93 798 91 38<\/strong><\/p>\n\n\n\n<div class=\"wp-block-button aligncenter content-button\"><a class=\"wp-block-button__link has-background no-border-radius\" href=\"https:\/\/elrengleconsultors.com\/ca\/contacte\/\" style=\"background-color:#00bed6\">Comencem? <\/a><\/div>\n\n\n\n<p><\/p>\n","protected":false},"excerpt":{"rendered":"<p>La gesti\u00f3 de la teva empresa en nom\u00e9s un clic A trav\u00e9s del portal de l&#8217;empleat s&#8217;estableix un sistema online i actualitzat per a la consulta i gesti\u00f3 d&#8217;aspectes relacionats amb els treballadors\/es de la teva empresa. Gesti\u00f3 documental col\u00b7laborativa Facturaci\u00f3 online per a Pimes i Aut\u00f2noms Portal de l&#8217;empleat Gesti\u00f3 integral a la mida [&hellip;]<\/p>\n","protected":false},"author":1,"featured_media":0,"parent":0,"menu_order":0,"comment_status":"closed","ping_status":"closed","template":"","meta":{"inline_featured_image":false,"footnotes":""},"_links":{"self":[{"href":"https:\/\/elrengleconsultors.com\/ca\/wp-json\/wp\/v2\/pages\/374"}],"collection":[{"href":"https:\/\/elrengleconsultors.com\/ca\/wp-json\/wp\/v2\/pages"}],"about":[{"href":"https:\/\/elrengleconsultors.com\/ca\/wp-json\/wp\/v2\/types\/page"}],"author":[{"embeddable":true,"href":"https:\/\/elrengleconsultors.com\/ca\/wp-json\/wp\/v2\/users\/1"}],"replies":[{"embeddable":true,"href":"https:\/\/elrengleconsultors.com\/ca\/wp-json\/wp\/v2\/comments?post=374"}],"version-history":[{"count":5,"href":"https:\/\/elrengleconsultors.com\/ca\/wp-json\/wp\/v2\/pages\/374\/revisions"}],"predecessor-version":[{"id":441,"href":"https:\/\/elrengleconsultors.com\/ca\/wp-json\/wp\/v2\/pages\/374\/revisions\/441"}],"wp:attachment":[{"href":"https:\/\/elrengleconsultors.com\/ca\/wp-json\/wp\/v2\/media?parent=374"}],"curies":[{"name":"wp","href":"https:\/\/api.w.org\/{rel}","templated":true}]}}