{"id":393,"date":"2020-03-11T17:12:04","date_gmt":"2020-03-11T16:12:04","guid":{"rendered":"http:\/\/elrengleconsultors.com\/?page_id=393"},"modified":"2020-03-11T17:15:44","modified_gmt":"2020-03-11T16:15:44","slug":"gestio-integral-a-la-mesura-del-teu-negoci","status":"publish","type":"page","link":"https:\/\/elrengleconsultors.com\/ca\/gestio-integral-a-la-mesura-del-teu-negoci\/","title":{"rendered":"Gesti\u00f3 integral a la mida del teu negoci"},"content":{"rendered":"\n<p>Amb la garantia de:<\/p>\n\n\n\n<figure class=\"wp-block-image size-large\"><img loading=\"lazy\" decoding=\"async\" width=\"299\" height=\"48\" src=\"http:\/\/elrengleconsultors.com\/wp-content\/uploads\/2019\/11\/wolters-kluwer.png\" alt=\"\" class=\"wp-image-108\"\/><\/figure>\n\n\n\n<div class=\"wp-block-columns are-vertically-aligned-center is-layout-flex wp-container-core-columns-is-layout-1 wp-block-columns-is-layout-flex\">\n<div class=\"wp-block-column is-vertically-aligned-center is-layout-flow wp-block-column-is-layout-flow\" style=\"flex-basis:33.33%\">\n<figure class=\"wp-block-image size-medium\"><img loading=\"lazy\" decoding=\"async\" width=\"300\" height=\"64\" src=\"http:\/\/elrengleconsultors.com\/wp-content\/uploads\/2019\/12\/a3ERP-logo-300x64.jpg\" alt=\"\" class=\"wp-image-254\" srcset=\"https:\/\/elrengleconsultors.com\/wp-content\/uploads\/2019\/12\/a3ERP-logo-300x64.jpg 300w, https:\/\/elrengleconsultors.com\/wp-content\/uploads\/2019\/12\/a3ERP-logo.jpg 377w\" sizes=\"(max-width: 300px) 100vw, 300px\" \/><\/figure>\n<\/div>\n\n\n\n<div class=\"wp-block-column is-vertically-aligned-center is-layout-flow wp-block-column-is-layout-flow\" style=\"flex-basis:66.66%\">\n<p>A3ERP treballa amb una base de dades i t\u00e9 <strong>eines que automatitzen i gestionen<\/strong> massivament tots els \u00e0mbits de l&#8217;empresa.<\/p>\n<\/div>\n<\/div>\n\n\n\n<div class=\"wp-block-columns is-layout-flex wp-container-core-columns-is-layout-2 wp-block-columns-is-layout-flex\">\n<div class=\"wp-block-column is-layout-flow wp-block-column-is-layout-flow\" style=\"flex-basis:33.33%\">\n<p class=\"has-medium-font-size background-block\">Tota la informaci\u00f3 del teu negoci en una \u00fanica base de dades. Evita duplicitats i errors.<\/p>\n\n\n\n<p class=\"has-medium-font-size background-block\">Disponible en diverses versions i amb una \u00e0mplia oferta de m\u00f2duls. Afegeix llocs i funcionalitats quan ho necessitis.<\/p>\n\n\n\n<p class=\"has-medium-font-size background-block\">\u00c0gil posada en marxa i trasp\u00e0s de dades. Amb un entorn de treball altament intu\u00eftiu.<\/p>\n<\/div>\n\n\n\n<div class=\"wp-block-column max-width-500 is-layout-flow wp-block-column-is-layout-flow\" style=\"flex-basis:66.66%\">\n<p class=\"has-medium-font-size\"><strong>Sol\u00b7licita l&#8217;acc\u00e9s a la plataforma:<\/strong><\/p>\n\n\n\n<div class=\"wpcf7 no-js\" id=\"wpcf7-f436-o1\" lang=\"ca\" dir=\"ltr\">\n<div class=\"screen-reader-response\"><p role=\"status\" aria-live=\"polite\" aria-atomic=\"true\"><\/p> <ul><\/ul><\/div>\n<form action=\"\/ca\/wp-json\/wp\/v2\/pages\/393#wpcf7-f436-o1\" method=\"post\" class=\"wpcf7-form init\" aria-label=\"Formulari de contacte\" novalidate=\"novalidate\" data-status=\"init\">\n<div style=\"display: none;\">\n<input type=\"hidden\" name=\"_wpcf7\" value=\"436\" \/>\n<input type=\"hidden\" name=\"_wpcf7_version\" value=\"5.9.4\" \/>\n<input type=\"hidden\" name=\"_wpcf7_locale\" value=\"ca\" \/>\n<input type=\"hidden\" name=\"_wpcf7_unit_tag\" value=\"wpcf7-f436-o1\" \/>\n<input type=\"hidden\" name=\"_wpcf7_container_post\" value=\"0\" \/>\n<input type=\"hidden\" name=\"_wpcf7_posted_data_hash\" value=\"\" \/>\n<input type=\"hidden\" name=\"_wpcf7_recaptcha_response\" value=\"\" \/>\n<\/div>\n<p><label>\n\t<input class=\"wpcf7-form-control wpcf7-hidden\" value=\"Formulario de contacto\" type=\"hidden\" name=\"your-subject\" \/> <\/label>\n<\/p>\n<p><label> Nom*<br \/>\n<span class=\"wpcf7-form-control-wrap\" data-name=\"your-name\"><input size=\"40\" class=\"wpcf7-form-control wpcf7-text wpcf7-validates-as-required\" aria-required=\"true\" aria-invalid=\"false\" value=\"\" type=\"text\" name=\"your-name\" \/><\/span> <\/label>\n<\/p>\n<p><label> Tel\u00e8fon<br \/>\n<span class=\"wpcf7-form-control-wrap\" data-name=\"your-tel\"><input size=\"40\" class=\"wpcf7-form-control wpcf7-text\" aria-invalid=\"false\" value=\"\" type=\"text\" name=\"your-tel\" \/><\/span> <\/label>\n<\/p>\n<p><label> E-Mail*<br \/>\n<span class=\"wpcf7-form-control-wrap\" data-name=\"your-email\"><input size=\"40\" class=\"wpcf7-form-control wpcf7-email wpcf7-validates-as-required wpcf7-text wpcf7-validates-as-email\" aria-required=\"true\" aria-invalid=\"false\" value=\"\" type=\"email\" name=\"your-email\" \/><\/span> <\/label>\n<\/p>\n<p><label> Missatge<br \/>\n<span class=\"wpcf7-form-control-wrap\" data-name=\"your-message\"><textarea cols=\"40\" rows=\"10\" class=\"wpcf7-form-control wpcf7-textarea\" aria-invalid=\"false\" name=\"your-message\"><\/textarea><\/span> <\/label>\n<\/p>\n<div class=\"align-center\">\n\t<p><p class=\"accept-politcy\"><span class=\"wpcf7-form-control-wrap acceptance-848\"><span class=\"wpcf7-form-control wpcf7-acceptance\"><span class=\"wpcf7-list-item\"><input type=\"checkbox\" name=\"acceptance-848\" value=\"1\" aria-invalid=\"false\"><\/span><\/span><\/span>Accepto la <a rel=\"nofollow\" href=\"https:\/\/elrengleconsultors.com\/ca\/politica-de-privacitat\/\" target=\"_blank\">Pol\u00edtica de privacitat<\/a> <\/p>\n\t<\/p>\n\t<p><input class=\"wpcf7-form-control wpcf7-submit has-spinner\" type=\"submit\" value=\"Envia\" \/>\n\t<\/p>\n<\/div><div class=\"wpcf7-response-output\" aria-hidden=\"true\"><\/div>\n<\/form>\n<\/div>\n\n<\/div>\n<\/div>\n\n\n\n<div style=\"height:51px\" aria-hidden=\"true\" class=\"wp-block-spacer\"><\/div>\n\n\n\n<p class=\"has-text-align-center has-medium-font-size\">Informa&#8217;t dels avantatges que tindr\u00e0s treballant amb nosaltres.<br><strong> Truca&#8217;ns al  93 798 91 38<\/strong><\/p>\n\n\n\n<div class=\"wp-block-button aligncenter\"><a class=\"wp-block-button__link has-background no-border-radius\" href=\"https:\/\/elrengleconsultors.com\/ca\/contacte\/\" style=\"background-color:#00bed6\">Comencem?<\/a><\/div>\n","protected":false},"excerpt":{"rendered":"<p>Amb la garantia de: A3ERP treballa amb una base de dades i t\u00e9 eines que automatitzen i gestionen massivament tots els \u00e0mbits de l&#8217;empresa. Tota la informaci\u00f3 del teu negoci en una \u00fanica base de dades. Evita duplicitats i errors. Disponible en diverses versions i amb una \u00e0mplia oferta de m\u00f2duls. Afegeix llocs i funcionalitats [&hellip;]<\/p>\n","protected":false},"author":1,"featured_media":0,"parent":0,"menu_order":0,"comment_status":"closed","ping_status":"closed","template":"","meta":{"inline_featured_image":false,"footnotes":""},"_links":{"self":[{"href":"https:\/\/elrengleconsultors.com\/ca\/wp-json\/wp\/v2\/pages\/393"}],"collection":[{"href":"https:\/\/elrengleconsultors.com\/ca\/wp-json\/wp\/v2\/pages"}],"about":[{"href":"https:\/\/elrengleconsultors.com\/ca\/wp-json\/wp\/v2\/types\/page"}],"author":[{"embeddable":true,"href":"https:\/\/elrengleconsultors.com\/ca\/wp-json\/wp\/v2\/users\/1"}],"replies":[{"embeddable":true,"href":"https:\/\/elrengleconsultors.com\/ca\/wp-json\/wp\/v2\/comments?post=393"}],"version-history":[{"count":2,"href":"https:\/\/elrengleconsultors.com\/ca\/wp-json\/wp\/v2\/pages\/393\/revisions"}],"predecessor-version":[{"id":398,"href":"https:\/\/elrengleconsultors.com\/ca\/wp-json\/wp\/v2\/pages\/393\/revisions\/398"}],"wp:attachment":[{"href":"https:\/\/elrengleconsultors.com\/ca\/wp-json\/wp\/v2\/media?parent=393"}],"curies":[{"name":"wp","href":"https:\/\/api.w.org\/{rel}","templated":true}]}}